{"id":224,"date":"2021-11-24T15:56:10","date_gmt":"2021-11-24T15:56:10","guid":{"rendered":"https:\/\/ugelarequipanorte.gob.pe\/wp\/?page_id=224"},"modified":"2022-06-03T10:21:12","modified_gmt":"2022-06-03T15:21:12","slug":"mision-y-vision","status":"publish","type":"page","link":"https:\/\/ugelarequipanorte.gob.pe\/wp\/mision-y-vision\/","title":{"rendered":"Misi\u00f3n y Visi\u00f3n"},"content":{"rendered":"\n<h2 class=\"has-text-align-center has-white-color has-text-color has-background wp-block-heading\" style=\"background-color:#202f5b\">MISI\u00d3N, VISI\u00d3N Y VALORES<\/h2>\n\n\n\n<h1 class=\"wp-block-heading\"><strong>MISI\u00d3N<\/strong><\/h1>\n\n\n\n<hr class=\"wp-block-separator has-css-opacity\"\/>\n\n\n\n<figure class=\"wp-block-table\"><table><tbody><tr><td><mark style=\"background-color:#8ed1fc\" class=\"has-inline-color\">Somos un \u00f3rgano intermedio, con una estructura org\u00e1nica moderna, din\u00e1mica y funcional; que promueve trabajo concertado y articulado; respondiendo a las exigencias del conocimiento globalizado con eficiencia y eficacia; garantizando un servicio educativo de calidad en las instituciones educativas en condiciones saludables, de equidad e inclusi\u00f3n para lograr una sociedad participativa y justa.<\/mark><\/td><\/tr><\/tbody><\/table><\/figure>\n\n\n\n<h1 class=\"wp-block-heading\">VISI\u00d3N<\/h1>\n\n\n\n<figure class=\"wp-block-table\"><table><tbody><tr><td><mark style=\"background-color:#f78da7\" class=\"has-inline-color\">La UGEL Arequipa Norte\u00a0 al 2024 lidera la gesti\u00f3n\u00a0 educativa\u00a0 descentralizada con la participaci\u00f3n de los agentes educativos\u00a0 de la regi\u00f3n Arequipa, logra que la educaci\u00f3n impartida sea integral, con valores, \u00e9tica, responsabilidad social y ambiental, cient\u00edfica, tecnol\u00f3gica y con buenas pr\u00e1cticas educativas y ciudadanas.<\/mark><\/td><\/tr><\/tbody><\/table><\/figure>\n\n\n\n<h1 class=\"wp-block-heading\">VALORES<\/h1>\n\n\n\n<p><mark style=\"background-color:#7bdcb5\" class=\"has-inline-color\">Los valores fundamentales que se practicar\u00e1 en la UGEL Arequipa Norte que nos permitir\u00e1n consolidarnos como instituci\u00f3n y los que deber\u00e1n impregnarse en las decisiones y acciones de la organizaci\u00f3n de la instituci\u00f3n en cuanto al rol que cumple, son la:\u00a0 Responsabilidad, Respeto, Justicia, Honestidad, Solidaridad, Equidad e Identidad Institucional.<\/mark><\/p>\n\n\n\n<div class=\"wp-block-buttons is-horizontal is-content-justification-right is-layout-flex wp-container-core-buttons-is-layout-ae2fe186 wp-block-buttons-is-layout-flex\">\n<div class=\"wp-block-button\"><a class=\"wp-block-button__link has-white-color has-text-color has-background\" href=\"https:\/\/ugelarequipanorte.gob.pe\/wp\/institucion\/\" style=\"background-color:#1151d3\">Ir a Instituci\u00f3n<\/a><\/div>\n<\/div>\n","protected":false},"excerpt":{"rendered":"<p>MISI\u00d3N, VISI\u00d3N Y VALORES MISI\u00d3N Somos un \u00f3rgano intermedio, con una estructura org\u00e1nica moderna, din\u00e1mica y funcional; que promueve trabajo concertado y articulado; respondiendo a las exigencias del conocimiento globalizado con eficiencia y eficacia; garantizando un servicio educativo de calidad en las instituciones educativas en condiciones saludables, de equidad e inclusi\u00f3n para lograr una sociedad [&hellip;]<\/p>\n","protected":false},"author":1,"featured_media":0,"parent":0,"menu_order":0,"comment_status":"closed","ping_status":"closed","template":"","meta":{"footnotes":""},"class_list":["post-224","page","type-page","status-publish","hentry"],"_links":{"self":[{"href":"https:\/\/ugelarequipanorte.gob.pe\/wp\/wp-json\/wp\/v2\/pages\/224","targetHints":{"allow":["GET"]}}],"collection":[{"href":"https:\/\/ugelarequipanorte.gob.pe\/wp\/wp-json\/wp\/v2\/pages"}],"about":[{"href":"https:\/\/ugelarequipanorte.gob.pe\/wp\/wp-json\/wp\/v2\/types\/page"}],"author":[{"embeddable":true,"href":"https:\/\/ugelarequipanorte.gob.pe\/wp\/wp-json\/wp\/v2\/users\/1"}],"replies":[{"embeddable":true,"href":"https:\/\/ugelarequipanorte.gob.pe\/wp\/wp-json\/wp\/v2\/comments?post=224"}],"version-history":[{"count":5,"href":"https:\/\/ugelarequipanorte.gob.pe\/wp\/wp-json\/wp\/v2\/pages\/224\/revisions"}],"predecessor-version":[{"id":1858,"href":"https:\/\/ugelarequipanorte.gob.pe\/wp\/wp-json\/wp\/v2\/pages\/224\/revisions\/1858"}],"wp:attachment":[{"href":"https:\/\/ugelarequipanorte.gob.pe\/wp\/wp-json\/wp\/v2\/media?parent=224"}],"curies":[{"name":"wp","href":"https:\/\/api.w.org\/{rel}","templated":true}]}}