{"id":336,"date":"2021-11-24T21:02:03","date_gmt":"2021-11-24T21:02:03","guid":{"rendered":"https:\/\/ugelarequipanorte.gob.pe\/wp\/?page_id=336"},"modified":"2025-11-03T10:12:25","modified_gmt":"2025-11-03T15:12:25","slug":"educacion-secundaria","status":"publish","type":"page","link":"https:\/\/ugelarequipanorte.gob.pe\/wp\/educacion-secundaria\/","title":{"rendered":"Educaci\u00f3n Secundaria"},"content":{"rendered":"\n<h2 class=\"wp-block-heading has-text-align-center has-white-color has-text-color has-background\" style=\"background-color:#202f5b\">EDUCACI\u00d3N SECUNDARIA<\/h2>\n\n\n\n<p class=\"has-text-align-center has-white-color has-text-color has-background\" id=\"h.p_Ig36i6vngtGl\" style=\"background-color:#202f5b\"><strong>ESPECIALISTAS<\/strong><\/p>\n\n\n\n<p class=\"has-text-align-center has-white-color has-text-color has-background\" id=\"h.p_zB_aJPeFXgKq\" style=\"background-color:#202f5b\">PROF. <strong>MARIBEL ROXANI ROMERO LOPEZ<\/strong><\/p>\n\n\n\n<p class=\"has-text-align-center has-white-color has-text-color has-background\" id=\"h.p_qjPHVB4U9Fys\" style=\"background-color:#202f5b\">PROF. <strong>RENATO RICHARD PUMARAYME QUISPE<\/strong><\/p>\n\n\n\n<p class=\"has-text-align-center has-white-color has-text-color has-background\" id=\"h.p_1UzhH5zl3rwn\" style=\"background-color:#202f5b\">PROF. <strong>JOSE ANTONIO LAGUNA FIGUEROA<\/strong><\/p>\n\n\n\n<p class=\"has-text-align-center has-white-color has-text-color has-background\" id=\"h.p_kymz6u7u4pt4\" style=\"background-color:#202f5b\">PROF. <strong>CARLOS VILLEGAS AQUISE<\/strong><\/p>\n\n\n\n<p class=\"has-text-align-center has-white-color has-text-color has-background\" id=\"h.p_kymz6u7u4pt4\" style=\"background-color:#202f5b\">PROF. <strong>LUIS EDMUNDO MACHADO PORTUGAL<\/strong><\/p>\n\n\n\n<p class=\"has-text-align-center has-white-color has-text-color has-background\" id=\"h.p_kymz6u7u4pt4\" style=\"background-color:#202f5b\">PROF. <strong>ALONSO ROSAS OJEDA<\/strong><\/p>\n\n\n\n<h2 class=\"wp-block-heading has-text-align-center has-white-color has-text-color has-background\" style=\"background-color:#1151d3\">FUNCIONES<\/h2>\n\n\n\n<ul class=\"wp-block-list\">\n<li>Planificar, monitorear, supervisar, evaluar, asesorar y efectuar el seguimiento de aspectos t\u00e9cnico- pedag\u00f3gicos, realizando las coordinaciones y ejecutando las actividades de mejoramiento de la ense\u00f1anza de la matem\u00e1tica.<\/li>\n\n\n\n<li>Programar, coordinar y ejecutar las labores de Investigaci\u00f3n, Capacitaci\u00f3n y Tecnolog\u00eda Educativa en el \u00c1rea correspondiente, dando cuenta al Director del Gesti\u00f3n Pedag\u00f3gica sobre los resultados.<\/li>\n\n\n\n<li>Difundir la nueva propuesta educativa sobre rutas de aprendizaje a trav\u00e9s de capacitaciones en el \u00e1rea de matem\u00e1tica.<\/li>\n\n\n\n<li>Dise\u00f1ar y experimentar m\u00e9todos, estrategias, propuestas pedag\u00f3gicas y tecnol\u00f3gicas apropiadas a la realidad Provincial en relaci\u00f3n a la especialidad.<\/li>\n\n\n\n<li>Promover y participar en la formulaci\u00f3n y ejecuci\u00f3n de Proyectos de Innovaci\u00f3n Pedag\u00f3gica en las Instituciones Educativas de Nivel.<\/li>\n\n\n\n<li>Impulsar el uso de programas inform\u00e1ticos, con aplicaciones pedag\u00f3gicas.<\/li>\n\n\n\n<li>Apoyar las acciones de medici\u00f3n de calidad educativa que ejecuta la Sede Central del Ministerio de Educaci\u00f3n.<\/li>\n\n\n\n<li>Emitir opini\u00f3n t\u00e9cnica en los aspectos de competencia del \u00c1rea.<\/li>\n\n\n\n<li>Visar las nominas de matr\u00edcula, Actas de finalizaci\u00f3n de a\u00f1o y los planes de capacitaci\u00f3n.<\/li>\n\n\n\n<li>Participar en la construcci\u00f3n del Proyecto Educativo Local, Proyecto Educativo Institucional y Plan Anual de Trabajo en la parte que corresponda.<\/li>\n\n\n\n<li>Captar, procesar y determinar \u00edndices estad\u00edsticos referidos al rendimiento acad\u00e9mico de los Educandos, para optar estrategias que permitan repotenciar aprendizajes en Educaci\u00f3n Secundaria de Menores.<\/li>\n\n\n\n<li>Promover y apoyar los cursos de capacitaci\u00f3n sobre la ense\u00f1anza de la matem\u00e1tica.<\/li>\n\n\n\n<li>Participar como coordinador y expositor para la capacitaci\u00f3n docente.<\/li>\n\n\n\n<li>Realizar otras funciones de su competencia que le encargue el Jefe del \u00c1rea de Gesti\u00f3n Pedag\u00f3gica.<\/li>\n<\/ul>\n\n\n\n<h2 class=\"wp-block-heading has-text-align-center has-white-color has-text-color has-background\" style=\"background-color:#1151d3\">M\u00c1S INFORMACI\u00d3N<\/h2>\n\n\n\n<p><strong>RESPONSABILIDAD<\/strong><\/p>\n\n\n\n<ul class=\"wp-block-list\">\n<li>Es responsable de la ejecuci\u00f3n de acciones y funciones inherentes a su cargo, as\u00ed como deber\u00e1 custodiar y responder por los bienes y equipos que le sean asignados.<\/li>\n<\/ul>\n\n\n\n<p><strong>REQUISITOS M\u00cdNIMOS PARA EL CARGO<\/strong><\/p>\n\n\n\n<ul class=\"wp-block-list\">\n<li>T\u00edtulo profesional en Educaci\u00f3n<\/li>\n\n\n\n<li>Experiencia docente<\/li>\n<\/ul>\n\n\n\n<p><strong>L\u00cdNEA DE AUTORIDAD Y REPORTE<\/strong><\/p>\n\n\n\n<ul class=\"wp-block-list\">\n<li>Reporta directamente al Jefe del \u00c1rea de Gesti\u00f3n Pedag\u00f3gica<\/li>\n<\/ul>\n","protected":false},"excerpt":{"rendered":"<p>EDUCACI\u00d3N SECUNDARIA ESPECIALISTAS PROF. MARIBEL ROXANI ROMERO LOPEZ PROF. RENATO RICHARD PUMARAYME QUISPE PROF. JOSE ANTONIO LAGUNA FIGUEROA PROF. CARLOS VILLEGAS AQUISE PROF. LUIS EDMUNDO MACHADO PORTUGAL PROF. ALONSO ROSAS OJEDA FUNCIONES M\u00c1S INFORMACI\u00d3N RESPONSABILIDAD REQUISITOS M\u00cdNIMOS PARA EL CARGO L\u00cdNEA DE AUTORIDAD Y REPORTE<\/p>\n","protected":false},"author":1,"featured_media":0,"parent":0,"menu_order":0,"comment_status":"closed","ping_status":"closed","template":"","meta":{"footnotes":""},"class_list":["post-336","page","type-page","status-publish","hentry"],"_links":{"self":[{"href":"https:\/\/ugelarequipanorte.gob.pe\/wp\/wp-json\/wp\/v2\/pages\/336","targetHints":{"allow":["GET"]}}],"collection":[{"href":"https:\/\/ugelarequipanorte.gob.pe\/wp\/wp-json\/wp\/v2\/pages"}],"about":[{"href":"https:\/\/ugelarequipanorte.gob.pe\/wp\/wp-json\/wp\/v2\/types\/page"}],"author":[{"embeddable":true,"href":"https:\/\/ugelarequipanorte.gob.pe\/wp\/wp-json\/wp\/v2\/users\/1"}],"replies":[{"embeddable":true,"href":"https:\/\/ugelarequipanorte.gob.pe\/wp\/wp-json\/wp\/v2\/comments?post=336"}],"version-history":[{"count":4,"href":"https:\/\/ugelarequipanorte.gob.pe\/wp\/wp-json\/wp\/v2\/pages\/336\/revisions"}],"predecessor-version":[{"id":6983,"href":"https:\/\/ugelarequipanorte.gob.pe\/wp\/wp-json\/wp\/v2\/pages\/336\/revisions\/6983"}],"wp:attachment":[{"href":"https:\/\/ugelarequipanorte.gob.pe\/wp\/wp-json\/wp\/v2\/media?parent=336"}],"curies":[{"name":"wp","href":"https:\/\/api.w.org\/{rel}","templated":true}]}}