{"id":403,"date":"2021-11-25T03:03:50","date_gmt":"2021-11-25T03:03:50","guid":{"rendered":"https:\/\/ugelarequipanorte.gob.pe\/wp\/?page_id=403"},"modified":"2025-10-29T10:41:27","modified_gmt":"2025-10-29T15:41:27","slug":"escalafon","status":"publish","type":"page","link":"https:\/\/ugelarequipanorte.gob.pe\/wp\/escalafon\/","title":{"rendered":"Escalaf\u00f3n"},"content":{"rendered":"\n<h2 class=\"wp-block-heading has-text-align-center has-white-color has-text-color has-background\" style=\"background-color:#202f5b\">ESCALAF\u00d3N<\/h2>\n\n\n\n<p class=\"has-text-align-center has-white-color has-text-color has-background\" id=\"h.p_Ig36i6vngtGl\" style=\"background-color:#202f5b\"><strong>ENCARGADA<\/strong><\/p>\n\n\n\n<p class=\"has-text-align-center has-white-color has-text-color has-background\" id=\"h.p_qjPHVB4U9Fys\" style=\"background-color:#202f5b\"><strong>TRACY JOSSELYN MARKY LA TORRE<\/strong><\/p>\n\n\n\n<h2 class=\"wp-block-heading has-text-align-center has-white-color has-text-color has-background\" style=\"background-color:#1151d3\">FUNCIONES<\/h2>\n\n\n\n<ul class=\"wp-block-list\">\n<li>Preparar el informe para el otorgamiento de beneficios por diferentes conceptos: remuneraci\u00f3n familiar, acumulaci\u00f3n de a\u00f1os de estudios, gratificaciones, devengados, prestaciones de ESSALUD, etc.<\/li>\n\n\n\n<li>Organizar, dirigir y controlar el proceso de registro en las fichas escalafonarias y llevar actualizado el registro de las carpetas personales de los servidores de las Instituciones Educativas y de la Sede Administrativa, por orden alfab\u00e9tico.<\/li>\n\n\n\n<li>Verificar y firmar junto con el Especialista de Administraci\u00f3n de Personal los informes escalafonarios y constancias que son emitidos para el otorgamiento de las bonificaciones y otros.<\/li>\n\n\n\n<li>Preparar informes sobre el personal que cumpla 25 y 30 a\u00f1os de servicio para el otorgamiento de la bonificaci\u00f3n y otros.<\/li>\n\n\n\n<li>Analizar y emitir opini\u00f3n t\u00e9cnica sobre expedientes puestos en su consideraci\u00f3n.<\/li>\n\n\n\n<li>Elaborar proyectos de resoluciones para el otorgamiento de bonificaciones, beneficios y determinaci\u00f3n del tiempo de servicios.<\/li>\n\n\n\n<li>Mantener actualizado el legajo de servidores del \u00e1mbito jurisdiccional y el sistema de escalaf\u00f3n.<\/li>\n\n\n\n<li>Realizar la apertura y reapertura de fichas escalafonarias y llevar a cabo su actualizaci\u00f3n.<\/li>\n\n\n\n<li>Revisar los cuadros sobre c\u00f3mputo del tiempo de servicio, remuneraci\u00f3n personal y gratificaciones.<\/li>\n\n\n\n<li>Registrar y descargar resoluciones en la fichas escalafonarias. k) Revisar y visar los Pases de la UGEL Arequipa Norte.<\/li>\n\n\n\n<li>Realizar otras funciones de su competencia que le encargue el Especialista Administrativo de Personal y el Jefe del \u00c1rea de Gesti\u00f3n Administrativa.<\/li>\n<\/ul>\n\n\n\n<h2 class=\"wp-block-heading has-text-align-center has-white-color has-text-color has-background\" style=\"background-color:#1151d3\">M\u00c1S INFORMACI\u00d3N<\/h2>\n\n\n\n<p><strong>RESPONSABILIDAD<\/strong><\/p>\n\n\n\n<ul class=\"wp-block-list\">\n<li>Es responsable de la ejecuci\u00f3n de acciones y funciones inherentes a su cargo, as\u00ed como deber\u00e1 custodiar y responder por los bienes y equipos que le sean asignados.<\/li>\n<\/ul>\n\n\n\n<p><strong>REQUISITOS M\u00cdNIMOS PARA EL CARGO<\/strong><\/p>\n\n\n\n<ul class=\"wp-block-list\">\n<li>Tener estudios t\u00e9cnicos en el sistema de personal, con titulo otorgado por una Instituci\u00f3n Superior de Estudios<\/li>\n\n\n\n<li>Contar con experiencia en el cargo y\/o \u00c1rea equivalente en el Sector P\u00fablico o Privado<\/li>\n\n\n\n<li>Tener capacitaci\u00f3n en el cargo al que postula. En Sistema de Personal, Relaciones Humanas, Relaciones Industriales, Archivo, escalaf\u00f3n, etc.<\/li>\n<\/ul>\n\n\n\n<p><strong>L\u00cdNEA DE AUTORIDA Y REPORTE<\/strong><\/p>\n\n\n\n<ul class=\"wp-block-list\">\n<li>Reporta directamente al Jefe del \u00c1rea de Gesti\u00f3n Administrativa.<\/li>\n<\/ul>\n","protected":false},"excerpt":{"rendered":"<p>ESCALAF\u00d3N ENCARGADA TRACY JOSSELYN MARKY LA TORRE FUNCIONES M\u00c1S INFORMACI\u00d3N RESPONSABILIDAD REQUISITOS M\u00cdNIMOS PARA EL CARGO L\u00cdNEA DE AUTORIDA Y REPORTE<\/p>\n","protected":false},"author":1,"featured_media":0,"parent":0,"menu_order":0,"comment_status":"closed","ping_status":"closed","template":"","meta":{"footnotes":""},"class_list":["post-403","page","type-page","status-publish","hentry"],"_links":{"self":[{"href":"https:\/\/ugelarequipanorte.gob.pe\/wp\/wp-json\/wp\/v2\/pages\/403","targetHints":{"allow":["GET"]}}],"collection":[{"href":"https:\/\/ugelarequipanorte.gob.pe\/wp\/wp-json\/wp\/v2\/pages"}],"about":[{"href":"https:\/\/ugelarequipanorte.gob.pe\/wp\/wp-json\/wp\/v2\/types\/page"}],"author":[{"embeddable":true,"href":"https:\/\/ugelarequipanorte.gob.pe\/wp\/wp-json\/wp\/v2\/users\/1"}],"replies":[{"embeddable":true,"href":"https:\/\/ugelarequipanorte.gob.pe\/wp\/wp-json\/wp\/v2\/comments?post=403"}],"version-history":[{"count":3,"href":"https:\/\/ugelarequipanorte.gob.pe\/wp\/wp-json\/wp\/v2\/pages\/403\/revisions"}],"predecessor-version":[{"id":6915,"href":"https:\/\/ugelarequipanorte.gob.pe\/wp\/wp-json\/wp\/v2\/pages\/403\/revisions\/6915"}],"wp:attachment":[{"href":"https:\/\/ugelarequipanorte.gob.pe\/wp\/wp-json\/wp\/v2\/media?parent=403"}],"curies":[{"name":"wp","href":"https:\/\/api.w.org\/{rel}","templated":true}]}}